{"id":242,"date":"2026-01-08T21:33:27","date_gmt":"2026-01-08T20:33:27","guid":{"rendered":"https:\/\/cuktor.pl\/?page_id=242"},"modified":"2026-01-08T21:46:19","modified_gmt":"2026-01-08T20:46:19","slug":"realizacje","status":"publish","type":"page","link":"https:\/\/cuktor.pl\/index.php\/realizacje\/","title":{"rendered":"Realizacje"},"content":{"rendered":"\t\t<div data-elementor-type=\"wp-page\" data-elementor-id=\"242\" class=\"elementor elementor-242\">\n\t\t\t\t<div class=\"elementor-element elementor-element-21e63cdf e-flex e-con-boxed e-con e-parent\" data-id=\"21e63cdf\" data-element_type=\"container\" data-settings=\"{&quot;background_background&quot;:&quot;classic&quot;}\">\n\t\t\t\t\t<div class=\"e-con-inner\">\n\t\t<div class=\"elementor-element elementor-element-1b6bde65 e-flex e-con-boxed e-con e-child\" data-id=\"1b6bde65\" data-element_type=\"container\">\n\t\t\t\t\t<div class=\"e-con-inner\">\n\t\t\t\t<div class=\"elementor-element elementor-element-515a985b elementor-widget elementor-widget-heading\" data-id=\"515a985b\" data-element_type=\"widget\" data-widget_type=\"heading.default\">\n\t\t\t\t\t<h1 class=\"elementor-heading-title elementor-size-default\">Realizacje<\/h1>\t\t\t\t<\/div>\n\t\t\t\t\t<\/div>\n\t\t\t\t<\/div>\n\t\t\t\t\t<\/div>\n\t\t\t\t<\/div>\n\t\t<div class=\"elementor-element elementor-element-994c405 e-flex e-con-boxed e-con e-parent\" data-id=\"994c405\" data-element_type=\"container\">\n\t\t\t\t\t<div class=\"e-con-inner\">\n\t\t\t\t<div class=\"elementor-element elementor-element-13a44c5 animated-slow elementor-invisible elementor-widget elementor-widget-text-editor\" data-id=\"13a44c5\" data-element_type=\"widget\" data-settings=\"{&quot;_animation&quot;:&quot;fadeInRight&quot;,&quot;_animation_delay&quot;:300}\" data-widget_type=\"text-editor.default\">\n\t\t\t\t\t\t\t\t\t<p><span style=\"font-weight: 400;\">W listopadzie 2025 Centrum Us\u0142ug Kolejowych TOR Sp. z o.o. wykona\u0142a remont nawierzchni kolejowej bocznicy u\u017cytkowanej w Boles\u0142awcu przez Unimot Terminale Sp. z o.o.<\/span><\/p><p><span style=\"font-weight: 400;\">Zakres prac obejmowa\u0142:<\/span><\/p><ul><li style=\"font-weight: 400;\" aria-level=\"1\"><span style=\"font-weight: 400;\">wymiana zu\u017cytych podk\u0142ad\u00f3w na podk\u0142ady nowe z drewna twardego.<\/span><\/li><li style=\"font-weight: 400;\" aria-level=\"1\"><span style=\"font-weight: 400;\">wymiana p\u0119kni\u0119tych pier\u015bcieni spr\u0119\u017cystych. <\/span><\/li><li style=\"font-weight: 400;\" aria-level=\"1\"><span style=\"font-weight: 400;\">oczyszczenie r\u0119czne podsypki t\u0142uczniowej wraz z uzupe\u0142nieniem. <\/span><\/li><li style=\"font-weight: 400;\" aria-level=\"1\"><span style=\"font-weight: 400;\">obr\u00f3cenie szyn ze wzgl\u0119du na zu\u017cycie boczne.<\/span><\/li><li style=\"font-weight: 400;\" aria-level=\"1\"><span style=\"font-weight: 400;\">wymiana zu\u017cytych podrozjazdnic na podrozjazdnice nowe z drewna twardego.<\/span><\/li><li style=\"font-weight: 400;\" aria-level=\"1\"><span style=\"font-weight: 400;\">wymiana p\u0119kni\u0119tych pier\u015bcieni spr\u0119\u017cystych. <\/span><\/li><li style=\"font-weight: 400;\" aria-level=\"1\"><span style=\"font-weight: 400;\">r\u0119cznepodbicie tor\u00f3w. <\/span><\/li><li style=\"font-weight: 400;\" aria-level=\"1\"><span style=\"font-weight: 400;\">zakonserwowanie \u015brub stopowych i \u0142ubkowych.<\/span><\/li><li style=\"font-weight: 400;\" aria-level=\"1\">utylizacja odpad\u00f3w z rozbi\u00f3rki istniej\u0105cej infrastruktury oraz wytworzonych w czasie remontu, w tym odpadu (podk\u0142ad\u00f3w i podrozjazdnic) o <span>kodzie 17 02 04*.<\/span><\/li><\/ul>\t\t\t\t\t\t\t\t<\/div>\n\t\t\t\t\t<\/div>\n\t\t\t\t<\/div>\n\t\t<div class=\"elementor-element elementor-element-33eead4f e-flex e-con-boxed e-con e-parent\" data-id=\"33eead4f\" data-element_type=\"container\" id=\"xs_team_3\">\n\t\t\t\t\t<div class=\"e-con-inner\">\n\t\t<div class=\"elementor-element elementor-element-39aa7ca8 e-con-full e-grid e-con e-child\" data-id=\"39aa7ca8\" data-element_type=\"container\">\n\t\t\t\t<div class=\"elementor-element elementor-element-672c9c7 elementor-widget elementor-widget-image\" data-id=\"672c9c7\" data-element_type=\"widget\" data-widget_type=\"image.default\">\n\t\t\t\t\t\t\t\t\t\t\t\t\t\t\t<img fetchpriority=\"high\" decoding=\"async\" width=\"657\" height=\"892\" src=\"https:\/\/cuktor.pl\/wp-content\/uploads\/2026\/01\/Zrzut-ekranu-2026-01-08-214015.png\" class=\"attachment-large size-large wp-image-250\" alt=\"\" srcset=\"https:\/\/cuktor.pl\/wp-content\/uploads\/2026\/01\/Zrzut-ekranu-2026-01-08-214015.png 657w, https:\/\/cuktor.pl\/wp-content\/uploads\/2026\/01\/Zrzut-ekranu-2026-01-08-214015-221x300.png 221w\" sizes=\"(max-width: 657px) 100vw, 657px\" \/>\t\t\t\t\t\t\t\t\t\t\t\t\t\t\t<\/div>\n\t\t\t\t<div class=\"elementor-element elementor-element-e57f75b elementor-widget elementor-widget-image\" data-id=\"e57f75b\" data-element_type=\"widget\" data-widget_type=\"image.default\">\n\t\t\t\t\t\t\t\t\t\t\t\t\t\t\t<img decoding=\"async\" width=\"665\" height=\"893\" src=\"https:\/\/cuktor.pl\/wp-content\/uploads\/2026\/01\/Zrzut-ekranu-2026-01-08-214008.png\" class=\"attachment-large size-large wp-image-249\" alt=\"\" srcset=\"https:\/\/cuktor.pl\/wp-content\/uploads\/2026\/01\/Zrzut-ekranu-2026-01-08-214008.png 665w, https:\/\/cuktor.pl\/wp-content\/uploads\/2026\/01\/Zrzut-ekranu-2026-01-08-214008-223x300.png 223w\" sizes=\"(max-width: 665px) 100vw, 665px\" \/>\t\t\t\t\t\t\t\t\t\t\t\t\t\t\t<\/div>\n\t\t\t\t<div class=\"elementor-element elementor-element-6c4e4d8 elementor-widget elementor-widget-image\" data-id=\"6c4e4d8\" data-element_type=\"widget\" data-widget_type=\"image.default\">\n\t\t\t\t\t\t\t\t\t\t\t\t\t\t\t<img decoding=\"async\" width=\"674\" height=\"899\" src=\"https:\/\/cuktor.pl\/wp-content\/uploads\/2026\/01\/Zrzut-ekranu-2026-01-08-213950.png\" class=\"attachment-large size-large wp-image-248\" alt=\"\" srcset=\"https:\/\/cuktor.pl\/wp-content\/uploads\/2026\/01\/Zrzut-ekranu-2026-01-08-213950.png 674w, https:\/\/cuktor.pl\/wp-content\/uploads\/2026\/01\/Zrzut-ekranu-2026-01-08-213950-225x300.png 225w\" sizes=\"(max-width: 674px) 100vw, 674px\" \/>\t\t\t\t\t\t\t\t\t\t\t\t\t\t\t<\/div>\n\t\t\t\t<\/div>\n\t\t\t\t\t<\/div>\n\t\t\t\t<\/div>\n\t\t<div class=\"elementor-element elementor-element-04fb22f e-flex e-con-boxed e-con e-parent\" data-id=\"04fb22f\" data-element_type=\"container\">\n\t\t\t\t\t<div class=\"e-con-inner\">\n\t\t<div class=\"elementor-element elementor-element-f9e94a9 e-con-full e-grid e-con e-child\" data-id=\"f9e94a9\" data-element_type=\"container\">\n\t\t\t\t<div class=\"elementor-element elementor-element-7776151 elementor-widget elementor-widget-image\" data-id=\"7776151\" data-element_type=\"widget\" data-widget_type=\"image.default\">\n\t\t\t\t\t\t\t\t\t\t\t\t\t\t\t<img loading=\"lazy\" decoding=\"async\" width=\"664\" height=\"892\" src=\"https:\/\/cuktor.pl\/wp-content\/uploads\/2026\/01\/Zrzut-ekranu-2026-01-08-214139.png\" class=\"attachment-large size-large wp-image-247\" alt=\"\" srcset=\"https:\/\/cuktor.pl\/wp-content\/uploads\/2026\/01\/Zrzut-ekranu-2026-01-08-214139.png 664w, https:\/\/cuktor.pl\/wp-content\/uploads\/2026\/01\/Zrzut-ekranu-2026-01-08-214139-223x300.png 223w\" sizes=\"(max-width: 664px) 100vw, 664px\" \/>\t\t\t\t\t\t\t\t\t\t\t\t\t\t\t<\/div>\n\t\t\t\t<div class=\"elementor-element elementor-element-cd3e0e8 elementor-widget elementor-widget-image\" data-id=\"cd3e0e8\" data-element_type=\"widget\" data-widget_type=\"image.default\">\n\t\t\t\t\t\t\t\t\t\t\t\t\t\t\t<img loading=\"lazy\" decoding=\"async\" width=\"666\" height=\"887\" src=\"https:\/\/cuktor.pl\/wp-content\/uploads\/2026\/01\/Zrzut-ekranu-2026-01-08-214125.png\" class=\"attachment-large size-large wp-image-246\" alt=\"\" srcset=\"https:\/\/cuktor.pl\/wp-content\/uploads\/2026\/01\/Zrzut-ekranu-2026-01-08-214125.png 666w, https:\/\/cuktor.pl\/wp-content\/uploads\/2026\/01\/Zrzut-ekranu-2026-01-08-214125-225x300.png 225w\" sizes=\"(max-width: 666px) 100vw, 666px\" \/>\t\t\t\t\t\t\t\t\t\t\t\t\t\t\t<\/div>\n\t\t\t\t<div class=\"elementor-element elementor-element-464cb3f elementor-widget elementor-widget-image\" data-id=\"464cb3f\" data-element_type=\"widget\" data-widget_type=\"image.default\">\n\t\t\t\t\t\t\t\t\t\t\t\t\t\t\t<img loading=\"lazy\" decoding=\"async\" width=\"668\" height=\"891\" src=\"https:\/\/cuktor.pl\/wp-content\/uploads\/2026\/01\/Zrzut-ekranu-2026-01-08-214113.png\" class=\"attachment-large size-large wp-image-245\" alt=\"\" srcset=\"https:\/\/cuktor.pl\/wp-content\/uploads\/2026\/01\/Zrzut-ekranu-2026-01-08-214113.png 668w, https:\/\/cuktor.pl\/wp-content\/uploads\/2026\/01\/Zrzut-ekranu-2026-01-08-214113-225x300.png 225w\" sizes=\"(max-width: 668px) 100vw, 668px\" \/>\t\t\t\t\t\t\t\t\t\t\t\t\t\t\t<\/div>\n\t\t\t\t<\/div>\n\t\t\t\t\t<\/div>\n\t\t\t\t<\/div>\n\t\t\t\t<\/div>\n\t\t","protected":false},"excerpt":{"rendered":"<p>Realizacje W listopadzie 2025 Centrum Us\u0142ug Kolejowych TOR Sp. z o.o. wykona\u0142a remont nawierzchni kolejowej bocznicy u\u017cytkowanej w Boles\u0142awcu przez Unimot Terminale Sp. z o.o. Zakres prac obejmowa\u0142: wymiana zu\u017cytych podk\u0142ad\u00f3w na podk\u0142ady nowe z drewna twardego. wymiana p\u0119kni\u0119tych pier\u015bcieni spr\u0119\u017cystych. oczyszczenie r\u0119czne podsypki t\u0142uczniowej wraz z uzupe\u0142nieniem. obr\u00f3cenie szyn ze wzgl\u0119du na zu\u017cycie boczne. [&hellip;]<\/p>\n","protected":false},"author":1,"featured_media":0,"parent":0,"menu_order":0,"comment_status":"closed","ping_status":"closed","template":"","meta":{"footnotes":""},"class_list":["post-242","page","type-page","status-publish","hentry"],"yoast_head":"<!-- This site is optimized with the Yoast SEO plugin v26.7 - https:\/\/yoast.com\/wordpress\/plugins\/seo\/ -->\n<title>Realizacje - CUKTOR<\/title>\n<meta name=\"robots\" content=\"index, follow, max-snippet:-1, max-image-preview:large, max-video-preview:-1\" \/>\n<link rel=\"canonical\" href=\"https:\/\/cuktor.pl\/index.php\/realizacje\/\" \/>\n<meta property=\"og:locale\" content=\"pl_PL\" \/>\n<meta property=\"og:type\" content=\"article\" \/>\n<meta property=\"og:title\" content=\"Realizacje - CUKTOR\" \/>\n<meta property=\"og:description\" content=\"Realizacje W listopadzie 2025 Centrum Us\u0142ug Kolejowych TOR Sp. z o.o. wykona\u0142a remont nawierzchni kolejowej bocznicy u\u017cytkowanej w Boles\u0142awcu przez Unimot Terminale Sp. z o.o. Zakres prac obejmowa\u0142: wymiana zu\u017cytych podk\u0142ad\u00f3w na podk\u0142ady nowe z drewna twardego. wymiana p\u0119kni\u0119tych pier\u015bcieni spr\u0119\u017cystych. oczyszczenie r\u0119czne podsypki t\u0142uczniowej wraz z uzupe\u0142nieniem. obr\u00f3cenie szyn ze wzgl\u0119du na zu\u017cycie boczne. [&hellip;]\" \/>\n<meta property=\"og:url\" content=\"https:\/\/cuktor.pl\/index.php\/realizacje\/\" \/>\n<meta property=\"og:site_name\" content=\"CUKTOR\" \/>\n<meta property=\"article:modified_time\" content=\"2026-01-08T20:46:19+00:00\" \/>\n<meta property=\"og:image\" content=\"https:\/\/cuktor.pl\/wp-content\/uploads\/2026\/01\/Zrzut-ekranu-2026-01-08-214015.png\" \/>\n\t<meta property=\"og:image:width\" content=\"657\" \/>\n\t<meta property=\"og:image:height\" content=\"892\" \/>\n\t<meta property=\"og:image:type\" content=\"image\/png\" \/>\n<meta name=\"twitter:card\" content=\"summary_large_image\" \/>\n<meta name=\"twitter:label1\" content=\"Szacowany czas czytania\" \/>\n\t<meta name=\"twitter:data1\" content=\"1 minuta\" \/>\n<script type=\"application\/ld+json\" class=\"yoast-schema-graph\">{\"@context\":\"https:\/\/schema.org\",\"@graph\":[{\"@type\":\"WebPage\",\"@id\":\"https:\/\/cuktor.pl\/index.php\/realizacje\/\",\"url\":\"https:\/\/cuktor.pl\/index.php\/realizacje\/\",\"name\":\"Realizacje - CUKTOR\",\"isPartOf\":{\"@id\":\"https:\/\/cuktor.pl\/#website\"},\"primaryImageOfPage\":{\"@id\":\"https:\/\/cuktor.pl\/index.php\/realizacje\/#primaryimage\"},\"image\":{\"@id\":\"https:\/\/cuktor.pl\/index.php\/realizacje\/#primaryimage\"},\"thumbnailUrl\":\"https:\/\/cuktor.pl\/wp-content\/uploads\/2026\/01\/Zrzut-ekranu-2026-01-08-214015.png\",\"datePublished\":\"2026-01-08T20:33:27+00:00\",\"dateModified\":\"2026-01-08T20:46:19+00:00\",\"breadcrumb\":{\"@id\":\"https:\/\/cuktor.pl\/index.php\/realizacje\/#breadcrumb\"},\"inLanguage\":\"pl-PL\",\"potentialAction\":[{\"@type\":\"ReadAction\",\"target\":[\"https:\/\/cuktor.pl\/index.php\/realizacje\/\"]}]},{\"@type\":\"ImageObject\",\"inLanguage\":\"pl-PL\",\"@id\":\"https:\/\/cuktor.pl\/index.php\/realizacje\/#primaryimage\",\"url\":\"https:\/\/cuktor.pl\/wp-content\/uploads\/2026\/01\/Zrzut-ekranu-2026-01-08-214015.png\",\"contentUrl\":\"https:\/\/cuktor.pl\/wp-content\/uploads\/2026\/01\/Zrzut-ekranu-2026-01-08-214015.png\",\"width\":657,\"height\":892},{\"@type\":\"BreadcrumbList\",\"@id\":\"https:\/\/cuktor.pl\/index.php\/realizacje\/#breadcrumb\",\"itemListElement\":[{\"@type\":\"ListItem\",\"position\":1,\"name\":\"Strona g\u0142\u00f3wna\",\"item\":\"https:\/\/cuktor.pl\/\"},{\"@type\":\"ListItem\",\"position\":2,\"name\":\"Realizacje\"}]},{\"@type\":\"WebSite\",\"@id\":\"https:\/\/cuktor.pl\/#website\",\"url\":\"https:\/\/cuktor.pl\/\",\"name\":\"CUKTOR\",\"description\":\"\",\"potentialAction\":[{\"@type\":\"SearchAction\",\"target\":{\"@type\":\"EntryPoint\",\"urlTemplate\":\"https:\/\/cuktor.pl\/?s={search_term_string}\"},\"query-input\":{\"@type\":\"PropertyValueSpecification\",\"valueRequired\":true,\"valueName\":\"search_term_string\"}}],\"inLanguage\":\"pl-PL\"}]}<\/script>\n<!-- \/ Yoast SEO plugin. -->","yoast_head_json":{"title":"Realizacje - CUKTOR","robots":{"index":"index","follow":"follow","max-snippet":"max-snippet:-1","max-image-preview":"max-image-preview:large","max-video-preview":"max-video-preview:-1"},"canonical":"https:\/\/cuktor.pl\/index.php\/realizacje\/","og_locale":"pl_PL","og_type":"article","og_title":"Realizacje - CUKTOR","og_description":"Realizacje W listopadzie 2025 Centrum Us\u0142ug Kolejowych TOR Sp. z o.o. wykona\u0142a remont nawierzchni kolejowej bocznicy u\u017cytkowanej w Boles\u0142awcu przez Unimot Terminale Sp. z o.o. Zakres prac obejmowa\u0142: wymiana zu\u017cytych podk\u0142ad\u00f3w na podk\u0142ady nowe z drewna twardego. wymiana p\u0119kni\u0119tych pier\u015bcieni spr\u0119\u017cystych. oczyszczenie r\u0119czne podsypki t\u0142uczniowej wraz z uzupe\u0142nieniem. obr\u00f3cenie szyn ze wzgl\u0119du na zu\u017cycie boczne. [&hellip;]","og_url":"https:\/\/cuktor.pl\/index.php\/realizacje\/","og_site_name":"CUKTOR","article_modified_time":"2026-01-08T20:46:19+00:00","og_image":[{"width":657,"height":892,"url":"https:\/\/cuktor.pl\/wp-content\/uploads\/2026\/01\/Zrzut-ekranu-2026-01-08-214015.png","type":"image\/png"}],"twitter_card":"summary_large_image","twitter_misc":{"Szacowany czas czytania":"1 minuta"},"schema":{"@context":"https:\/\/schema.org","@graph":[{"@type":"WebPage","@id":"https:\/\/cuktor.pl\/index.php\/realizacje\/","url":"https:\/\/cuktor.pl\/index.php\/realizacje\/","name":"Realizacje - CUKTOR","isPartOf":{"@id":"https:\/\/cuktor.pl\/#website"},"primaryImageOfPage":{"@id":"https:\/\/cuktor.pl\/index.php\/realizacje\/#primaryimage"},"image":{"@id":"https:\/\/cuktor.pl\/index.php\/realizacje\/#primaryimage"},"thumbnailUrl":"https:\/\/cuktor.pl\/wp-content\/uploads\/2026\/01\/Zrzut-ekranu-2026-01-08-214015.png","datePublished":"2026-01-08T20:33:27+00:00","dateModified":"2026-01-08T20:46:19+00:00","breadcrumb":{"@id":"https:\/\/cuktor.pl\/index.php\/realizacje\/#breadcrumb"},"inLanguage":"pl-PL","potentialAction":[{"@type":"ReadAction","target":["https:\/\/cuktor.pl\/index.php\/realizacje\/"]}]},{"@type":"ImageObject","inLanguage":"pl-PL","@id":"https:\/\/cuktor.pl\/index.php\/realizacje\/#primaryimage","url":"https:\/\/cuktor.pl\/wp-content\/uploads\/2026\/01\/Zrzut-ekranu-2026-01-08-214015.png","contentUrl":"https:\/\/cuktor.pl\/wp-content\/uploads\/2026\/01\/Zrzut-ekranu-2026-01-08-214015.png","width":657,"height":892},{"@type":"BreadcrumbList","@id":"https:\/\/cuktor.pl\/index.php\/realizacje\/#breadcrumb","itemListElement":[{"@type":"ListItem","position":1,"name":"Strona g\u0142\u00f3wna","item":"https:\/\/cuktor.pl\/"},{"@type":"ListItem","position":2,"name":"Realizacje"}]},{"@type":"WebSite","@id":"https:\/\/cuktor.pl\/#website","url":"https:\/\/cuktor.pl\/","name":"CUKTOR","description":"","potentialAction":[{"@type":"SearchAction","target":{"@type":"EntryPoint","urlTemplate":"https:\/\/cuktor.pl\/?s={search_term_string}"},"query-input":{"@type":"PropertyValueSpecification","valueRequired":true,"valueName":"search_term_string"}}],"inLanguage":"pl-PL"}]}},"_links":{"self":[{"href":"https:\/\/cuktor.pl\/index.php\/wp-json\/wp\/v2\/pages\/242","targetHints":{"allow":["GET"]}}],"collection":[{"href":"https:\/\/cuktor.pl\/index.php\/wp-json\/wp\/v2\/pages"}],"about":[{"href":"https:\/\/cuktor.pl\/index.php\/wp-json\/wp\/v2\/types\/page"}],"author":[{"embeddable":true,"href":"https:\/\/cuktor.pl\/index.php\/wp-json\/wp\/v2\/users\/1"}],"replies":[{"embeddable":true,"href":"https:\/\/cuktor.pl\/index.php\/wp-json\/wp\/v2\/comments?post=242"}],"version-history":[{"count":7,"href":"https:\/\/cuktor.pl\/index.php\/wp-json\/wp\/v2\/pages\/242\/revisions"}],"predecessor-version":[{"id":256,"href":"https:\/\/cuktor.pl\/index.php\/wp-json\/wp\/v2\/pages\/242\/revisions\/256"}],"wp:attachment":[{"href":"https:\/\/cuktor.pl\/index.php\/wp-json\/wp\/v2\/media?parent=242"}],"curies":[{"name":"wp","href":"https:\/\/api.w.org\/{rel}","templated":true}]}}