{"id":212,"date":"2026-01-08T20:55:38","date_gmt":"2026-01-08T19:55:38","guid":{"rendered":"https:\/\/cuktor.pl\/?page_id=212"},"modified":"2026-01-08T21:19:03","modified_gmt":"2026-01-08T20:19:03","slug":"o-nas","status":"publish","type":"page","link":"https:\/\/cuktor.pl\/index.php\/o-nas\/","title":{"rendered":"O nas"},"content":{"rendered":"\t\t<div data-elementor-type=\"wp-page\" data-elementor-id=\"212\" class=\"elementor elementor-212\">\n\t\t\t\t<div class=\"elementor-element elementor-element-21e63cdf e-flex e-con-boxed e-con e-parent\" data-id=\"21e63cdf\" data-element_type=\"container\" data-settings=\"{&quot;background_background&quot;:&quot;classic&quot;}\">\n\t\t\t\t\t<div class=\"e-con-inner\">\n\t\t<div class=\"elementor-element elementor-element-1b6bde65 e-flex e-con-boxed e-con e-child\" data-id=\"1b6bde65\" data-element_type=\"container\">\n\t\t\t\t\t<div class=\"e-con-inner\">\n\t\t\t\t<div class=\"elementor-element elementor-element-515a985b elementor-widget elementor-widget-heading\" data-id=\"515a985b\" data-element_type=\"widget\" data-widget_type=\"heading.default\">\n\t\t\t\t\t<h1 class=\"elementor-heading-title elementor-size-default\">O nas<\/h1>\t\t\t\t<\/div>\n\t\t\t\t\t<\/div>\n\t\t\t\t<\/div>\n\t\t\t\t\t<\/div>\n\t\t\t\t<\/div>\n\t\t<div class=\"elementor-element elementor-element-994c405 e-flex e-con-boxed e-con e-parent\" data-id=\"994c405\" data-element_type=\"container\">\n\t\t\t\t\t<div class=\"e-con-inner\">\n\t\t\t\t<div class=\"elementor-element elementor-element-13a44c5 animated-slow elementor-invisible elementor-widget elementor-widget-text-editor\" data-id=\"13a44c5\" data-element_type=\"widget\" data-settings=\"{&quot;_animation&quot;:&quot;fadeInRight&quot;,&quot;_animation_delay&quot;:300}\" data-widget_type=\"text-editor.default\">\n\t\t\t\t\t\t\t\t\t<p><span style=\"font-weight: 400;\">Centrum Us\u0142ug Kolejowych TOR SP. z o.o. to firma utworzona przez mened\u017cer\u00f3w posiadaj\u0105cych ponad trzydziestoletnie do\u015bwiadczenie w zarz\u0105dzaniu organizacjami zajmuj\u0105cymi si\u0119 utrzymaniem i eksploatacj\u0105 infrastruktury kolejowej, urz\u0105dze\u0144 sterowania ruchem kolejowym, sieci trakcyjnej oraz utrzymaniem pojazd\u00f3w. Posiadaj\u0105 oni bardzo dobr\u0105 znajomo\u015b\u0107 prawa reguluj\u0105cego rynek kolejowy w Polsce- Ustawy o transporcie kolejowym, prawa budowlanego oraz zasad organizacji rob\u00f3t torowych.<\/span><\/p><p><span style=\"font-weight: 400;\">Prezes Zarz\u0105du CUK TOR Sp. z o.o. posiada wykszta\u0142cenie wy\u017csze kolejowe \u2013 magister in\u017cynier transportu kolejowego. Ca\u0142a kariera zawodowa po\u015bwi\u0119cona utrzymaniu infrastruktury oraz organizacji ruchu kolejowego. Przez ponad 30 lat zarz\u0105dza\u0142 du\u017c\u0105 bocznic\u0105 kolejow\u0105 (ponad 100 km tor\u00f3w zelektryfikowanych \u2013 14 stacji, wyposa\u017conych w przeka\u017anikowe urz\u0105dzenia sterowania ruchem kolejowym), zatrudniaj\u0105c\u0105 do 500 pracownik\u00f3w w specjalno\u015bciach kolejowych: dy\u017curny ruchu, prowadz\u0105cy pojazdy kolejowe, toromistrz\u00f3w, obchodowych, robotnik\u00f3w torowych, itd..<\/span><\/p><p><span style=\"font-weight: 400;\">CUK TOR Sp. z o.o. jest nowo powsta\u0142\u0105, pr\u0119\u017cnie si\u0119 rozwijaj\u0105c\u0105 firm\u0105, z perspektywami i rozwoju na d\u0142ugie lata. Gwarantuje to zesp\u00f3\u0142 os\u00f3b, profesjonalist\u00f3w z ogromnym do\u015bwiadczeniem zawodowym w dziedzinie utrzymania infrastruktury kolejowej oraz zdeterminowanych do \u015bwiadczenia us\u0142ug na najwy\u017cszym poziomie. W sk\u0142ad zespo\u0142u pracownik\u00f3w CUK TOR Sp. z o.o. zaanga\u017cowanych w utrzymanie infrastruktury wchodz\u0105 mi\u0119dzy innymi:<\/span><\/p><ul><li style=\"font-weight: 400;\" aria-level=\"1\"><span style=\"font-weight: 400;\">inspektor nadzoru z uprawnieniami budowlanymi w specjalno\u015bci in\u017cynieryjnej kolejowej;<\/span><\/li><li style=\"font-weight: 400;\" aria-level=\"1\"><span style=\"font-weight: 400;\">brygadzista &#8211; toromistrz z 20 letnim do\u015bwiadczeniem przy remontach i utrzymaniu infrastruktury kolejowej;<\/span><\/li><li style=\"font-weight: 400;\" aria-level=\"1\"><span style=\"font-weight: 400;\">toromistrz z wieloletnim do\u015bwiadczeniem przy utrzymaniu bocznicy kolejowej;<\/span><\/li><li style=\"font-weight: 400;\" aria-level=\"1\"><span style=\"font-weight: 400;\">5 pracownik\u00f3w fizycznych, kt\u00f3rzy przez kilkana\u015bcie lat pracuj\u0105 przy utrzymaniu i remontach infrastruktury kolejowej;<\/span><\/li><li style=\"font-weight: 400;\" aria-level=\"1\"><span style=\"font-weight: 400;\">prowadz\u0105cy pojazdy kolejowe, ustawiacze oraz osoba z uprawnieniami automatyka;<\/span><\/li><li style=\"font-weight: 400;\" aria-level=\"1\"><span style=\"font-weight: 400;\">specjali\u015bci bran\u017cy naprawy i utrzymania taboru klejowego;<\/span><\/li><\/ul><p><span style=\"font-weight: 400;\">Zakres wykonywanych prac obejmuje m.in.:<\/span><\/p><ul><li style=\"font-weight: 400;\" aria-level=\"1\"><span style=\"font-weight: 400;\">prace remontowo-budowlane w zakresie nawierzchni kolejowej i urz\u0105dze\u0144 sterowania ruchem kolejowym;<\/span><\/li><li style=\"font-weight: 400;\" aria-level=\"1\"><span style=\"font-weight: 400;\">prace ziemne i torowe;<\/span><\/li><li style=\"font-weight: 400;\" aria-level=\"1\"><span style=\"font-weight: 400;\">inne prace zwi\u0105zane z utrzymaniem i popraw\u0105 stanu technicznego infrastruktury znajduj\u0105cej si\u0119 na bocznicach kolejowych;<\/span><\/li><li style=\"font-weight: 400;\" aria-level=\"1\"><span style=\"font-weight: 400;\">regularne przegl\u0105dy i konserwacje infrastruktury kolejowej;<\/span><\/li><li style=\"font-weight: 400;\" aria-level=\"1\"><span style=\"font-weight: 400;\">szybkie dzia\u0142ania w sytuacjach awaryjnych;<\/span><\/li><li style=\"font-weight: 400;\" aria-level=\"1\"><span style=\"font-weight: 400;\">kompleksowa obs\u0142uga bocznic kolejowych;<\/span><\/li><li style=\"font-weight: 400;\" aria-level=\"1\"><span style=\"font-weight: 400;\">wsparcie techniczne i doradztwo dla zarz\u0105dc\u00f3w infrastruktury;<\/span><\/li><li style=\"font-weight: 400;\" aria-level=\"1\"><span style=\"font-weight: 400;\">przegl\u0105dy i naprawy lokomotyw spalinowych;<\/span><\/li><li style=\"font-weight: 400;\" aria-level=\"1\"><span style=\"font-weight: 400;\">outsourcing pracowniczy;<\/span><\/li><\/ul><p><span style=\"font-weight: 400;\">Firma CUK TOR Sp. z o.o. zapewnia pracownik\u00f3w we wszystkich specjalno\u015bciach kolejowych bezpo\u015brednio zwi\u0105zanych z ruchem kolejowym oraz prowadz\u0105cych pojazdy kolejowe a tak\u017ce pracownik\u00f3w w zakresie napraw i przegl\u0105d\u00f3w wagon\u00f3w i lokomotyw spalinowych. Pracownicy posiadaj\u0105 wieloletnie do\u015bwiadczenie w swoich specjalno\u015bciach.<\/span><\/p><p><span style=\"font-weight: 400;\">W zakresie umaszynowienia CUK TOR Sp. z o.o. posiada niezb\u0119dny sprz\u0119t i maszyny do \u015bwiadczenia us\u0142ug budowy, remontu oraz utrzymania infrastruktury kolejowej.<\/span><\/p><p><span style=\"font-weight: 400;\">Kadra zarz\u0105dzaj\u0105ca posiada wieloletnie do\u015bwiadczenie we wsp\u00f3\u0142pracy z du\u017cymi firmami dzia\u0142aj\u0105cymi w bran\u017cy kolejowej, dlatego CUK TOR Sp. z o.o., nawi\u0105za\u0142 wsp\u00f3\u0142prac\u0119 partnersk\u0105 z innymi przedsi\u0119biorstwami z ogromnym potencja\u0142em mi\u0119dzy innymi w zakresie zapewnienia podbijarki mechanicznej.<\/span><\/p><p><span style=\"font-weight: 400;\">Naszym celem jest zapewnienie sprawno\u015bci, niezawodno\u015bci i bezpiecze\u0144stwa eksploatacji infrastruktury kolejowej.<\/span><\/p>\t\t\t\t\t\t\t\t<\/div>\n\t\t\t\t\t<\/div>\n\t\t\t\t<\/div>\n\t\t<div class=\"elementor-element elementor-element-33eead4f e-flex e-con-boxed e-con e-parent\" data-id=\"33eead4f\" data-element_type=\"container\" id=\"xs_team_3\">\n\t\t\t\t\t<div class=\"e-con-inner\">\n\t\t<div class=\"elementor-element elementor-element-39aa7ca8 e-con-full e-grid e-con e-child\" data-id=\"39aa7ca8\" data-element_type=\"container\">\n\t\t\t\t<div class=\"elementor-element elementor-element-2d959280 elementor-widget elementor-widget-elementskit-team\" data-id=\"2d959280\" data-element_type=\"widget\" data-widget_type=\"elementskit-team.default\">\n\t\t\t\t<div class=\"elementor-widget-container\">\n\t\t\t\t\t<div class=\"ekit-wid-con\">\t\t <div class=\"profile-square-v\"> \t\t\t\t\t\t\n\t\t<div class=\"profile-card elementor-animation- text-center ekit-team-style-centered_style\">\n\t\t\t\n\t\t\t\t<div class=\"profile-header ekit-team-img \" >\n\t\t\t\t\t<img fetchpriority=\"high\" decoding=\"async\" width=\"768\" height=\"1024\" src=\"https:\/\/cuktor.pl\/wp-content\/uploads\/2026\/01\/Prezes-Zarzadu-768x1024.jpg\" class=\"attachment-large size-large wp-image-227\" alt=\"\" srcset=\"https:\/\/cuktor.pl\/wp-content\/uploads\/2026\/01\/Prezes-Zarzadu-768x1024.jpg 768w, https:\/\/cuktor.pl\/wp-content\/uploads\/2026\/01\/Prezes-Zarzadu-225x300.jpg 225w, https:\/\/cuktor.pl\/wp-content\/uploads\/2026\/01\/Prezes-Zarzadu-1152x1536.jpg 1152w, https:\/\/cuktor.pl\/wp-content\/uploads\/2026\/01\/Prezes-Zarzadu-1536x2048.jpg 1536w, https:\/\/cuktor.pl\/wp-content\/uploads\/2026\/01\/Prezes-Zarzadu-scaled.jpg 1920w\" sizes=\"(max-width: 768px) 100vw, 768px\" \/>\t\t\t\t<\/div><!-- .profile-header END -->\n\t\t\t\n\n\t\t\t\t<div class=\"profile-body\">\n\t\t\t\t\t\n\t\t\t\t\t<h2 class=\"profile-title\">\n\t\t\t\t\t\t\t\t\t\t\tAndrzej Rudzi\u0144ski\t\t\t\t\t\t\t\t\t\t<\/h2>\n\t\t\t\t\t<p class=\"profile-designation\">Prezes Zarz\u0105du<\/p>\n\t\t\t\t\t\t\t\t\t<\/div><!-- .profile-body END -->\n\n\t\t\t\t\t\t\t\t<\/div>\n\t\t\t\t <\/div> \t\t\t\n\t\t\t\n\t\t\t\t<\/div>\t\t\t\t<\/div>\n\t\t\t\t<\/div>\n\t\t\t\t<div class=\"elementor-element elementor-element-250a74a7 elementor-widget elementor-widget-elementskit-team\" data-id=\"250a74a7\" data-element_type=\"widget\" data-widget_type=\"elementskit-team.default\">\n\t\t\t\t<div class=\"elementor-widget-container\">\n\t\t\t\t\t<div class=\"ekit-wid-con\">\t\t <div class=\"profile-square-v\"> \t\t\t\t\t\t\n\t\t<div class=\"profile-card elementor-animation- text-center ekit-team-style-centered_style\">\n\t\t\t\n\t\t\t\t<div class=\"profile-header ekit-team-img \" >\n\t\t\t\t\t<img decoding=\"async\" width=\"768\" height=\"1024\" src=\"https:\/\/cuktor.pl\/wp-content\/uploads\/2026\/01\/Prezes-Zarzadu-1-768x1024.jpg\" class=\"attachment-large size-large wp-image-231\" alt=\"\" srcset=\"https:\/\/cuktor.pl\/wp-content\/uploads\/2026\/01\/Prezes-Zarzadu-1-768x1024.jpg 768w, https:\/\/cuktor.pl\/wp-content\/uploads\/2026\/01\/Prezes-Zarzadu-1-225x300.jpg 225w, https:\/\/cuktor.pl\/wp-content\/uploads\/2026\/01\/Prezes-Zarzadu-1-1152x1536.jpg 1152w, https:\/\/cuktor.pl\/wp-content\/uploads\/2026\/01\/Prezes-Zarzadu-1-1536x2048.jpg 1536w, https:\/\/cuktor.pl\/wp-content\/uploads\/2026\/01\/Prezes-Zarzadu-1-scaled.jpg 1920w\" sizes=\"(max-width: 768px) 100vw, 768px\" \/>\t\t\t\t<\/div><!-- .profile-header END -->\n\t\t\t\n\n\t\t\t\t<div class=\"profile-body\">\n\t\t\t\t\t\n\t\t\t\t\t<h2 class=\"profile-title\">\n\t\t\t\t\t\t\t\t\t\t\tKamila To\u0142oczko\t\t\t\t\t\t\t\t\t\t<\/h2>\n\t\t\t\t\t<p class=\"profile-designation\">Prokurent<\/p>\n\t\t\t\t\t\t\t\t\t<\/div><!-- .profile-body END -->\n\n\t\t\t\t\t\t\t\t<\/div>\n\t\t\t\t <\/div> \t\t\t\n\t\t\t\n\t\t\t\t<\/div>\t\t\t\t<\/div>\n\t\t\t\t<\/div>\n\t\t\t\t<\/div>\n\t\t\t\t\t<\/div>\n\t\t\t\t<\/div>\n\t\t\t\t<\/div>\n\t\t","protected":false},"excerpt":{"rendered":"<p>O nas Centrum Us\u0142ug Kolejowych TOR SP. z o.o. to firma utworzona przez mened\u017cer\u00f3w posiadaj\u0105cych ponad trzydziestoletnie do\u015bwiadczenie w zarz\u0105dzaniu organizacjami zajmuj\u0105cymi si\u0119 utrzymaniem i eksploatacj\u0105 infrastruktury kolejowej, urz\u0105dze\u0144 sterowania ruchem kolejowym, sieci trakcyjnej oraz utrzymaniem pojazd\u00f3w. Posiadaj\u0105 oni bardzo dobr\u0105 znajomo\u015b\u0107 prawa reguluj\u0105cego rynek kolejowy w Polsce- Ustawy o transporcie kolejowym, prawa budowlanego oraz [&hellip;]<\/p>\n","protected":false},"author":1,"featured_media":0,"parent":0,"menu_order":0,"comment_status":"closed","ping_status":"closed","template":"","meta":{"footnotes":""},"class_list":["post-212","page","type-page","status-publish","hentry"],"yoast_head":"<!-- This site is optimized with the Yoast SEO plugin v26.7 - https:\/\/yoast.com\/wordpress\/plugins\/seo\/ -->\n<title>O nas - CUKTOR<\/title>\n<meta name=\"robots\" content=\"index, follow, max-snippet:-1, max-image-preview:large, max-video-preview:-1\" \/>\n<link rel=\"canonical\" href=\"https:\/\/cuktor.pl\/index.php\/o-nas\/\" \/>\n<meta property=\"og:locale\" content=\"pl_PL\" \/>\n<meta property=\"og:type\" content=\"article\" \/>\n<meta property=\"og:title\" content=\"O nas - CUKTOR\" \/>\n<meta property=\"og:description\" content=\"O nas Centrum Us\u0142ug Kolejowych TOR SP. z o.o. to firma utworzona przez mened\u017cer\u00f3w posiadaj\u0105cych ponad trzydziestoletnie do\u015bwiadczenie w zarz\u0105dzaniu organizacjami zajmuj\u0105cymi si\u0119 utrzymaniem i eksploatacj\u0105 infrastruktury kolejowej, urz\u0105dze\u0144 sterowania ruchem kolejowym, sieci trakcyjnej oraz utrzymaniem pojazd\u00f3w. Posiadaj\u0105 oni bardzo dobr\u0105 znajomo\u015b\u0107 prawa reguluj\u0105cego rynek kolejowy w Polsce- Ustawy o transporcie kolejowym, prawa budowlanego oraz [&hellip;]\" \/>\n<meta property=\"og:url\" content=\"https:\/\/cuktor.pl\/index.php\/o-nas\/\" \/>\n<meta property=\"og:site_name\" content=\"CUKTOR\" \/>\n<meta property=\"article:modified_time\" content=\"2026-01-08T20:19:03+00:00\" \/>\n<meta property=\"og:image\" content=\"https:\/\/cuktor.pl\/wp-content\/uploads\/2026\/01\/Prezes-Zarzadu-scaled.jpg\" \/>\n\t<meta property=\"og:image:width\" content=\"1920\" \/>\n\t<meta property=\"og:image:height\" content=\"2560\" \/>\n\t<meta property=\"og:image:type\" content=\"image\/jpeg\" \/>\n<meta name=\"twitter:card\" content=\"summary_large_image\" \/>\n<meta name=\"twitter:label1\" content=\"Szacowany czas czytania\" \/>\n\t<meta name=\"twitter:data1\" content=\"1 minuta\" \/>\n<script type=\"application\/ld+json\" class=\"yoast-schema-graph\">{\"@context\":\"https:\/\/schema.org\",\"@graph\":[{\"@type\":\"WebPage\",\"@id\":\"https:\/\/cuktor.pl\/index.php\/o-nas\/\",\"url\":\"https:\/\/cuktor.pl\/index.php\/o-nas\/\",\"name\":\"O nas - CUKTOR\",\"isPartOf\":{\"@id\":\"https:\/\/cuktor.pl\/#website\"},\"primaryImageOfPage\":{\"@id\":\"https:\/\/cuktor.pl\/index.php\/o-nas\/#primaryimage\"},\"image\":{\"@id\":\"https:\/\/cuktor.pl\/index.php\/o-nas\/#primaryimage\"},\"thumbnailUrl\":\"https:\/\/cuktor.pl\/wp-content\/uploads\/2026\/01\/Prezes-Zarzadu-768x1024.jpg\",\"datePublished\":\"2026-01-08T19:55:38+00:00\",\"dateModified\":\"2026-01-08T20:19:03+00:00\",\"breadcrumb\":{\"@id\":\"https:\/\/cuktor.pl\/index.php\/o-nas\/#breadcrumb\"},\"inLanguage\":\"pl-PL\",\"potentialAction\":[{\"@type\":\"ReadAction\",\"target\":[\"https:\/\/cuktor.pl\/index.php\/o-nas\/\"]}]},{\"@type\":\"ImageObject\",\"inLanguage\":\"pl-PL\",\"@id\":\"https:\/\/cuktor.pl\/index.php\/o-nas\/#primaryimage\",\"url\":\"https:\/\/cuktor.pl\/wp-content\/uploads\/2026\/01\/Prezes-Zarzadu-scaled.jpg\",\"contentUrl\":\"https:\/\/cuktor.pl\/wp-content\/uploads\/2026\/01\/Prezes-Zarzadu-scaled.jpg\",\"width\":1920,\"height\":2560},{\"@type\":\"BreadcrumbList\",\"@id\":\"https:\/\/cuktor.pl\/index.php\/o-nas\/#breadcrumb\",\"itemListElement\":[{\"@type\":\"ListItem\",\"position\":1,\"name\":\"Strona g\u0142\u00f3wna\",\"item\":\"https:\/\/cuktor.pl\/\"},{\"@type\":\"ListItem\",\"position\":2,\"name\":\"O nas\"}]},{\"@type\":\"WebSite\",\"@id\":\"https:\/\/cuktor.pl\/#website\",\"url\":\"https:\/\/cuktor.pl\/\",\"name\":\"CUKTOR\",\"description\":\"\",\"potentialAction\":[{\"@type\":\"SearchAction\",\"target\":{\"@type\":\"EntryPoint\",\"urlTemplate\":\"https:\/\/cuktor.pl\/?s={search_term_string}\"},\"query-input\":{\"@type\":\"PropertyValueSpecification\",\"valueRequired\":true,\"valueName\":\"search_term_string\"}}],\"inLanguage\":\"pl-PL\"}]}<\/script>\n<!-- \/ Yoast SEO plugin. -->","yoast_head_json":{"title":"O nas - CUKTOR","robots":{"index":"index","follow":"follow","max-snippet":"max-snippet:-1","max-image-preview":"max-image-preview:large","max-video-preview":"max-video-preview:-1"},"canonical":"https:\/\/cuktor.pl\/index.php\/o-nas\/","og_locale":"pl_PL","og_type":"article","og_title":"O nas - CUKTOR","og_description":"O nas Centrum Us\u0142ug Kolejowych TOR SP. z o.o. to firma utworzona przez mened\u017cer\u00f3w posiadaj\u0105cych ponad trzydziestoletnie do\u015bwiadczenie w zarz\u0105dzaniu organizacjami zajmuj\u0105cymi si\u0119 utrzymaniem i eksploatacj\u0105 infrastruktury kolejowej, urz\u0105dze\u0144 sterowania ruchem kolejowym, sieci trakcyjnej oraz utrzymaniem pojazd\u00f3w. Posiadaj\u0105 oni bardzo dobr\u0105 znajomo\u015b\u0107 prawa reguluj\u0105cego rynek kolejowy w Polsce- Ustawy o transporcie kolejowym, prawa budowlanego oraz [&hellip;]","og_url":"https:\/\/cuktor.pl\/index.php\/o-nas\/","og_site_name":"CUKTOR","article_modified_time":"2026-01-08T20:19:03+00:00","og_image":[{"width":1920,"height":2560,"url":"https:\/\/cuktor.pl\/wp-content\/uploads\/2026\/01\/Prezes-Zarzadu-scaled.jpg","type":"image\/jpeg"}],"twitter_card":"summary_large_image","twitter_misc":{"Szacowany czas czytania":"1 minuta"},"schema":{"@context":"https:\/\/schema.org","@graph":[{"@type":"WebPage","@id":"https:\/\/cuktor.pl\/index.php\/o-nas\/","url":"https:\/\/cuktor.pl\/index.php\/o-nas\/","name":"O nas - CUKTOR","isPartOf":{"@id":"https:\/\/cuktor.pl\/#website"},"primaryImageOfPage":{"@id":"https:\/\/cuktor.pl\/index.php\/o-nas\/#primaryimage"},"image":{"@id":"https:\/\/cuktor.pl\/index.php\/o-nas\/#primaryimage"},"thumbnailUrl":"https:\/\/cuktor.pl\/wp-content\/uploads\/2026\/01\/Prezes-Zarzadu-768x1024.jpg","datePublished":"2026-01-08T19:55:38+00:00","dateModified":"2026-01-08T20:19:03+00:00","breadcrumb":{"@id":"https:\/\/cuktor.pl\/index.php\/o-nas\/#breadcrumb"},"inLanguage":"pl-PL","potentialAction":[{"@type":"ReadAction","target":["https:\/\/cuktor.pl\/index.php\/o-nas\/"]}]},{"@type":"ImageObject","inLanguage":"pl-PL","@id":"https:\/\/cuktor.pl\/index.php\/o-nas\/#primaryimage","url":"https:\/\/cuktor.pl\/wp-content\/uploads\/2026\/01\/Prezes-Zarzadu-scaled.jpg","contentUrl":"https:\/\/cuktor.pl\/wp-content\/uploads\/2026\/01\/Prezes-Zarzadu-scaled.jpg","width":1920,"height":2560},{"@type":"BreadcrumbList","@id":"https:\/\/cuktor.pl\/index.php\/o-nas\/#breadcrumb","itemListElement":[{"@type":"ListItem","position":1,"name":"Strona g\u0142\u00f3wna","item":"https:\/\/cuktor.pl\/"},{"@type":"ListItem","position":2,"name":"O nas"}]},{"@type":"WebSite","@id":"https:\/\/cuktor.pl\/#website","url":"https:\/\/cuktor.pl\/","name":"CUKTOR","description":"","potentialAction":[{"@type":"SearchAction","target":{"@type":"EntryPoint","urlTemplate":"https:\/\/cuktor.pl\/?s={search_term_string}"},"query-input":{"@type":"PropertyValueSpecification","valueRequired":true,"valueName":"search_term_string"}}],"inLanguage":"pl-PL"}]}},"_links":{"self":[{"href":"https:\/\/cuktor.pl\/index.php\/wp-json\/wp\/v2\/pages\/212","targetHints":{"allow":["GET"]}}],"collection":[{"href":"https:\/\/cuktor.pl\/index.php\/wp-json\/wp\/v2\/pages"}],"about":[{"href":"https:\/\/cuktor.pl\/index.php\/wp-json\/wp\/v2\/types\/page"}],"author":[{"embeddable":true,"href":"https:\/\/cuktor.pl\/index.php\/wp-json\/wp\/v2\/users\/1"}],"replies":[{"embeddable":true,"href":"https:\/\/cuktor.pl\/index.php\/wp-json\/wp\/v2\/comments?post=212"}],"version-history":[{"count":10,"href":"https:\/\/cuktor.pl\/index.php\/wp-json\/wp\/v2\/pages\/212\/revisions"}],"predecessor-version":[{"id":234,"href":"https:\/\/cuktor.pl\/index.php\/wp-json\/wp\/v2\/pages\/212\/revisions\/234"}],"wp:attachment":[{"href":"https:\/\/cuktor.pl\/index.php\/wp-json\/wp\/v2\/media?parent=212"}],"curies":[{"name":"wp","href":"https:\/\/api.w.org\/{rel}","templated":true}]}}